{"id":1630,"date":"2022-02-02T14:30:20","date_gmt":"2022-02-02T14:30:20","guid":{"rendered":"https:\/\/electrosistemas.com.uy\/web\/?page_id=1630"},"modified":"2022-03-10T03:17:40","modified_gmt":"2022-03-10T03:17:40","slug":"formacion-en-seguridad-electrica","status":"publish","type":"page","link":"https:\/\/electrosistemas.com.uy\/web\/formacion-en-seguridad-electrica\/","title":{"rendered":"Formaci\u00f3n en Seguridad El\u00e9ctrica"},"content":{"rendered":"\t\t<div data-elementor-type=\"wp-page\" data-elementor-id=\"1630\" class=\"elementor elementor-1630\">\n\t\t\t\t\t\t<section class=\"elementor-section elementor-top-section elementor-element elementor-element-679c340 elementor-section-content-middle elementor-section-boxed elementor-section-height-default elementor-section-height-default\" data-id=\"679c340\" data-element_type=\"section\" data-e-type=\"section\" data-settings=\"{&quot;background_background&quot;:&quot;classic&quot;}\">\n\t\t\t\t\t\t\t<div class=\"elementor-background-overlay\"><\/div>\n\t\t\t\t\t\t\t<div class=\"elementor-container elementor-column-gap-no\">\n\t\t\t\t\t<div class=\"elementor-column elementor-col-100 elementor-top-column elementor-element elementor-element-6c7c7c2\" data-id=\"6c7c7c2\" data-element_type=\"column\" data-e-type=\"column\">\n\t\t\t<div class=\"elementor-widget-wrap elementor-element-populated\">\n\t\t\t\t\t\t<div class=\"elementor-element elementor-element-6c859a3 elementor-vertical-align-top elementor-widget elementor-widget-image-box\" data-id=\"6c859a3\" data-element_type=\"widget\" data-e-type=\"widget\" data-widget_type=\"image-box.default\">\n\t\t\t\t<div class=\"elementor-widget-container\">\n\t\t\t\t\t<div class=\"elementor-image-box-wrapper\"><div class=\"elementor-image-box-content\"><h1 class=\"elementor-image-box-title\">Formaci\u00f3n en Seguridad El\u00e9ctrica<\/h1><\/div><\/div>\t\t\t\t<\/div>\n\t\t\t\t<\/div>\n\t\t\t\t\t<\/div>\n\t\t<\/div>\n\t\t\t\t\t<\/div>\n\t\t<\/section>\n\t\t\t\t<section class=\"elementor-section elementor-top-section elementor-element elementor-element-3ab24ca8 elementor-section-boxed elementor-section-height-default elementor-section-height-default\" data-id=\"3ab24ca8\" data-element_type=\"section\" data-e-type=\"section\">\n\t\t\t\t\t\t<div class=\"elementor-container elementor-column-gap-no\">\n\t\t\t\t\t<div class=\"elementor-column elementor-col-50 elementor-top-column elementor-element elementor-element-706fde10\" data-id=\"706fde10\" data-element_type=\"column\" data-e-type=\"column\">\n\t\t\t<div class=\"elementor-widget-wrap elementor-element-populated\">\n\t\t\t\t\t\t<div class=\"elementor-element elementor-element-118f1b02 elementor-widget elementor-widget-heading\" data-id=\"118f1b02\" data-element_type=\"widget\" data-e-type=\"widget\" data-widget_type=\"heading.default\">\n\t\t\t\t<div class=\"elementor-widget-container\">\n\t\t\t\t\t<h3 class=\"elementor-heading-title elementor-size-default\">Curso de Seguridad El\u00e9ctrica<\/h3>\t\t\t\t<\/div>\n\t\t\t\t<\/div>\n\t\t\t\t<div class=\"elementor-element elementor-element-41ea6806 elementor-widget elementor-widget-text-editor\" data-id=\"41ea6806\" data-element_type=\"widget\" data-e-type=\"widget\" data-widget_type=\"text-editor.default\">\n\t\t\t\t<div class=\"elementor-widget-container\">\n\t\t\t\t\t\t\t\t\t<p><strong>M\u00d3DULOS:<\/strong><\/p><ul><li><span style=\"font-size: 16px;\">NS1D<\/span><\/li><li><span style=\"font-size: 16px;\">RIESGO EL\u00c9CTRICO<\/span><\/li><li><span style=\"font-size: 16px;\">PO.TRA.SL<\/span><\/li><\/ul><p>El curso est\u00e1 desarrollado para trabajos en instalaciones el\u00e9ctricas sin tensi\u00f3n. El mismo abarca un m\u00f3dulo de la NS1D, otro de procedimiento operativo PO.TRA.SL, Riesgo El\u00e9ctrico y de manera opcional un Curso de Primeros Auxilios.<\/p><p>Esta capacitaci\u00f3n est\u00e1 orientada a personal que desempe\u00f1e tareas en instalaciones de los sistemas de distribuci\u00f3n y transmisi\u00f3n (puestos de conexi\u00f3n, estaciones, sub estaciones, l\u00edneas a\u00e9reas, cables subterr\u00e1neos, equipos, instalaciones, etc.), estableciendo los requisitos que ata\u00f1en a la organizaci\u00f3n y m\u00e9todos de trabajo para la ejecuci\u00f3n de tareas en dichas instalaciones.<\/p>\t\t\t\t\t\t\t\t<\/div>\n\t\t\t\t<\/div>\n\t\t\t\t\t<\/div>\n\t\t<\/div>\n\t\t\t\t<div class=\"elementor-column elementor-col-50 elementor-top-column elementor-element elementor-element-043c911\" data-id=\"043c911\" data-element_type=\"column\" data-e-type=\"column\">\n\t\t\t<div class=\"elementor-widget-wrap elementor-element-populated\">\n\t\t\t\t\t\t<div class=\"elementor-element elementor-element-64f2c58 elementor-widget elementor-widget-heading\" data-id=\"64f2c58\" data-element_type=\"widget\" data-e-type=\"widget\" data-widget_type=\"heading.default\">\n\t\t\t\t<div class=\"elementor-widget-container\">\n\t\t\t\t\t<h3 class=\"elementor-heading-title elementor-size-default\">Curso de Capacitaci\u00f3n para trabajos en baja tensi\u00f3n \u2013 TCT \/ BT<\/h3>\t\t\t\t<\/div>\n\t\t\t\t<\/div>\n\t\t\t\t<div class=\"elementor-element elementor-element-29d8dc9 elementor-widget elementor-widget-text-editor\" data-id=\"29d8dc9\" data-element_type=\"widget\" data-e-type=\"widget\" data-widget_type=\"text-editor.default\">\n\t\t\t\t<div class=\"elementor-widget-container\">\n\t\t\t\t\t\t\t\t\t<p><strong>ENFOQUES<\/strong><\/p><ul><li><span style=\"font-size: 16px;\">INDUSTRIAL (Duraci\u00f3n: 4 d\u00edas)<\/span><\/li><li><span style=\"font-size: 16px;\">COMERCIAL (Duraci\u00f3n: 10 d\u00edas)<\/span><\/li><li><span style=\"font-size: 16px;\">L\u00cdNEAS A\u00c9REAS Y SUBESTACIONES (Duraci\u00f3n: 12 d\u00edas)<\/span><\/li><\/ul><p><strong>MODALIDAD<\/strong><\/p><ul><li><strong><span style=\"font-size: 16px;\">Capacitaci\u00f3n completa: <\/span><\/strong>Para quienes no cuenten con aprobaci\u00f3n previa del curso.<\/li><li><span style=\"font-size: 16px;\"><strong>Reciclaje:<\/strong>\u00a0<\/span>Orientado a quienes cuentan con el curso aprobado, pero sin vigencia, o carezcan de actividad TCT en el correr del \u00faltimo a\u00f1o.<\/li><li><span style=\"font-size: 16px;\">Curso reconocido por UTE y Certificado por UNIT<\/span><\/li><\/ul>\t\t\t\t\t\t\t\t<\/div>\n\t\t\t\t<\/div>\n\t\t\t\t\t<\/div>\n\t\t<\/div>\n\t\t\t\t\t<\/div>\n\t\t<\/section>\n\t\t\t\t<section class=\"elementor-section elementor-top-section elementor-element elementor-element-622d64a elementor-section-content-middle elementor-section-full_width elementor-section-height-default elementor-section-height-default\" data-id=\"622d64a\" data-element_type=\"section\" data-e-type=\"section\" data-settings=\"{&quot;background_background&quot;:&quot;classic&quot;}\">\n\t\t\t\t\t\t\t<div class=\"elementor-background-overlay\"><\/div>\n\t\t\t\t\t\t\t<div class=\"elementor-container elementor-column-gap-no\">\n\t\t\t\t\t<div class=\"elementor-column elementor-col-50 elementor-top-column elementor-element elementor-element-ea73ba7\" data-id=\"ea73ba7\" data-element_type=\"column\" data-e-type=\"column\">\n\t\t\t<div class=\"elementor-widget-wrap elementor-element-populated\">\n\t\t\t\t\t\t<div class=\"elementor-element elementor-element-748035f elementor-widget elementor-widget-image\" data-id=\"748035f\" data-element_type=\"widget\" data-e-type=\"widget\" data-widget_type=\"image.default\">\n\t\t\t\t<div class=\"elementor-widget-container\">\n\t\t\t\t\t\t\t\t\t\t\t\t\t\t\t<img decoding=\"async\" src=\"https:\/\/electrosistemas.com.uy\/web\/img\/proyectos-destacados-electrosistemas.jpg\" title=\"\" alt=\"\" loading=\"lazy\" \/>\t\t\t\t\t\t\t\t\t\t\t\t\t\t\t<\/div>\n\t\t\t\t<\/div>\n\t\t\t\t\t<\/div>\n\t\t<\/div>\n\t\t\t\t<div class=\"elementor-column elementor-col-50 elementor-top-column elementor-element elementor-element-e36c96f\" data-id=\"e36c96f\" data-element_type=\"column\" data-e-type=\"column\" data-settings=\"{&quot;background_background&quot;:&quot;gradient&quot;}\">\n\t\t\t<div class=\"elementor-widget-wrap elementor-element-populated\">\n\t\t\t\t\t<div class=\"elementor-background-overlay\"><\/div>\n\t\t\t\t\t\t\t<\/div>\n\t\t<\/div>\n\t\t\t\t\t<\/div>\n\t\t<\/section>\n\t\t\t\t<\/div>\n\t\t","protected":false},"excerpt":{"rendered":"<p>Formaci\u00f3n en Seguridad El\u00e9ctrica Curso de Seguridad El\u00e9ctrica M\u00d3DULOS: NS1D RIESGO EL\u00c9CTRICO PO.TRA.SL El curso est\u00e1 desarrollado para trabajos en [&hellip;]<\/p>\n","protected":false},"author":1,"featured_media":0,"parent":0,"menu_order":0,"comment_status":"closed","ping_status":"closed","template":"","meta":{"inline_featured_image":false,"site-sidebar-layout":"no-sidebar","site-content-layout":"page-builder","ast-site-content-layout":"default","site-content-style":"default","site-sidebar-style":"default","ast-global-header-display":"","ast-banner-title-visibility":"","ast-main-header-display":"","ast-hfb-above-header-display":"","ast-hfb-below-header-display":"","ast-hfb-mobile-header-display":"","site-post-title":"disabled","ast-breadcrumbs-content":"","ast-featured-img":"disabled","footer-sml-layout":"","ast-disable-related-posts":"","theme-transparent-header-meta":"enabled","adv-header-id-meta":"","stick-header-meta":"","header-above-stick-meta":"","header-main-stick-meta":"","header-below-stick-meta":"","astra-migrate-meta-layouts":"default","ast-page-background-enabled":"default","ast-page-background-meta":{"desktop":{"background-color":"","background-image":"","background-repeat":"repeat","background-position":"center center","background-size":"auto","background-attachment":"scroll","background-type":"","background-media":"","overlay-type":"","overlay-color":"","overlay-opacity":"","overlay-gradient":""},"tablet":{"background-color":"","background-image":"","background-repeat":"repeat","background-position":"center center","background-size":"auto","background-attachment":"scroll","background-type":"","background-media":"","overlay-type":"","overlay-color":"","overlay-opacity":"","overlay-gradient":""},"mobile":{"background-color":"","background-image":"","background-repeat":"repeat","background-position":"center center","background-size":"auto","background-attachment":"scroll","background-type":"","background-media":"","overlay-type":"","overlay-color":"","overlay-opacity":"","overlay-gradient":""}},"ast-content-background-meta":{"desktop":{"background-color":"var(--ast-global-color-5)","background-image":"","background-repeat":"repeat","background-position":"center center","background-size":"auto","background-attachment":"scroll","background-type":"","background-media":"","overlay-type":"","overlay-color":"","overlay-opacity":"","overlay-gradient":""},"tablet":{"background-color":"var(--ast-global-color-5)","background-image":"","background-repeat":"repeat","background-position":"center center","background-size":"auto","background-attachment":"scroll","background-type":"","background-media":"","overlay-type":"","overlay-color":"","overlay-opacity":"","overlay-gradient":""},"mobile":{"background-color":"var(--ast-global-color-5)","background-image":"","background-repeat":"repeat","background-position":"center center","background-size":"auto","background-attachment":"scroll","background-type":"","background-media":"","overlay-type":"","overlay-color":"","overlay-opacity":"","overlay-gradient":""}},"footnotes":""},"class_list":["post-1630","page","type-page","status-publish","hentry"],"_links":{"self":[{"href":"https:\/\/electrosistemas.com.uy\/web\/wp-json\/wp\/v2\/pages\/1630","targetHints":{"allow":["GET"]}}],"collection":[{"href":"https:\/\/electrosistemas.com.uy\/web\/wp-json\/wp\/v2\/pages"}],"about":[{"href":"https:\/\/electrosistemas.com.uy\/web\/wp-json\/wp\/v2\/types\/page"}],"author":[{"embeddable":true,"href":"https:\/\/electrosistemas.com.uy\/web\/wp-json\/wp\/v2\/users\/1"}],"replies":[{"embeddable":true,"href":"https:\/\/electrosistemas.com.uy\/web\/wp-json\/wp\/v2\/comments?post=1630"}],"version-history":[{"count":16,"href":"https:\/\/electrosistemas.com.uy\/web\/wp-json\/wp\/v2\/pages\/1630\/revisions"}],"predecessor-version":[{"id":1787,"href":"https:\/\/electrosistemas.com.uy\/web\/wp-json\/wp\/v2\/pages\/1630\/revisions\/1787"}],"wp:attachment":[{"href":"https:\/\/electrosistemas.com.uy\/web\/wp-json\/wp\/v2\/media?parent=1630"}],"curies":[{"name":"wp","href":"https:\/\/api.w.org\/{rel}","templated":true}]}}